{"id":14702,"date":"2024-01-17T22:42:57","date_gmt":"2024-01-17T22:42:57","guid":{"rendered":"https:\/\/www.stjb-delasalle.fr\/site\/?page_id=14702"},"modified":"2024-01-17T22:46:00","modified_gmt":"2024-01-17T22:46:00","slug":"eps-education-physique-et-sportive","status":"publish","type":"page","link":"https:\/\/www.stjb-delasalle.fr\/site\/eps-education-physique-et-sportive\/","title":{"rendered":"EPS : Education Physique et Sportive"},"content":{"rendered":"<h1><\/h1>\n<h1>EPS<\/h1>\n<p>&nbsp;<\/p>\n<p><span data-contrast=\"none\">Au coll\u00e8ge Saint Jean-Baptiste de La Salle, les \u00e9l\u00e8ves b\u00e9n\u00e9ficient des 4h d\u2019EPS en 6\u00e8mes et des 3h pour les autres classes. L\u2019\u00e9quipe enseignantes compos\u00e9e de 5 professeurs d\u2019EPS propose des activit\u00e9s vari\u00e9es ; athl\u00e9tisme, course d\u2019orientation, activit\u00e9s artistiques ou acrobatique, sports collectifs, sports de raquette mais aussi tir \u00e0 l\u2019arc, biathlon, cross training. L\u2019ensemble des infrastructures se trouvent au sein du coll\u00e8ge (2 gymnases, un plateau sportif, une piste d\u2019athl\u00e9tisme, des terrains de foot, un bois accol\u00e9 au coll\u00e8ge). L\u2019objectif est que chaque \u00e9l\u00e8ve devienne champion de soi-m\u00eame.<\/span><span data-ccp-props=\"{&quot;335551550&quot;:6,&quot;335551620&quot;:6}\">\u00a0<\/span><\/p>\n<p><span data-contrast=\"none\">Viens donner la meilleure version sportive de toi-m\u00eame !<\/span><span data-ccp-props=\"{&quot;335551550&quot;:6,&quot;335551620&quot;:6}\">\u00a0<\/span><\/p>\n<h1><img fetchpriority=\"high\" decoding=\"async\" class=\"alignnone size-full wp-image-14711\" src=\"https:\/\/www.stjb-delasalle.fr\/site\/wp-content\/uploads\/2024\/01\/1000000305.jpg\" alt=\"EPS coll\u00e8ge teloch\u00e9\" width=\"1920\" height=\"1440\" srcset=\"https:\/\/www.stjb-delasalle.fr\/site\/wp-content\/uploads\/2024\/01\/1000000305.jpg 1920w, https:\/\/www.stjb-delasalle.fr\/site\/wp-content\/uploads\/2024\/01\/1000000305-300x225.jpg 300w, https:\/\/www.stjb-delasalle.fr\/site\/wp-content\/uploads\/2024\/01\/1000000305-1024x768.jpg 1024w, https:\/\/www.stjb-delasalle.fr\/site\/wp-content\/uploads\/2024\/01\/1000000305-768x576.jpg 768w, https:\/\/www.stjb-delasalle.fr\/site\/wp-content\/uploads\/2024\/01\/1000000305-1536x1152.jpg 1536w\" sizes=\"(max-width: 1920px) 100vw, 1920px\" \/> <img decoding=\"async\" class=\"alignnone size-full wp-image-14712\" src=\"https:\/\/www.stjb-delasalle.fr\/site\/wp-content\/uploads\/2024\/01\/1000000306.jpg\" alt=\"EPS coll\u00e8ge teloch\u00e9\" width=\"1920\" height=\"1440\" srcset=\"https:\/\/www.stjb-delasalle.fr\/site\/wp-content\/uploads\/2024\/01\/1000000306.jpg 1920w, https:\/\/www.stjb-delasalle.fr\/site\/wp-content\/uploads\/2024\/01\/1000000306-300x225.jpg 300w, https:\/\/www.stjb-delasalle.fr\/site\/wp-content\/uploads\/2024\/01\/1000000306-1024x768.jpg 1024w, https:\/\/www.stjb-delasalle.fr\/site\/wp-content\/uploads\/2024\/01\/1000000306-768x576.jpg 768w, https:\/\/www.stjb-delasalle.fr\/site\/wp-content\/uploads\/2024\/01\/1000000306-1536x1152.jpg 1536w\" sizes=\"(max-width: 1920px) 100vw, 1920px\" \/> <img decoding=\"async\" class=\"alignnone size-full wp-image-14713\" src=\"https:\/\/www.stjb-delasalle.fr\/site\/wp-content\/uploads\/2024\/01\/IMG_7403.jpg\" alt=\"EPS coll\u00e8ge teloch\u00e9\" width=\"1440\" height=\"1920\" srcset=\"https:\/\/www.stjb-delasalle.fr\/site\/wp-content\/uploads\/2024\/01\/IMG_7403.jpg 1440w, https:\/\/www.stjb-delasalle.fr\/site\/wp-content\/uploads\/2024\/01\/IMG_7403-225x300.jpg 225w, https:\/\/www.stjb-delasalle.fr\/site\/wp-content\/uploads\/2024\/01\/IMG_7403-768x1024.jpg 768w, https:\/\/www.stjb-delasalle.fr\/site\/wp-content\/uploads\/2024\/01\/IMG_7403-1152x1536.jpg 1152w\" sizes=\"(max-width: 1440px) 100vw, 1440px\" \/><\/h1>\n<p>&nbsp;<\/p>\n\n<p>&nbsp;<\/p>\n","protected":false},"excerpt":{"rendered":"<p>EPS &nbsp; Au coll\u00e8ge Saint Jean-Baptiste de La Salle, les \u00e9l\u00e8ves b\u00e9n\u00e9ficient des 4h d\u2019EPS en 6\u00e8mes et des 3h pour les autres classes. L\u2019\u00e9quipe enseignantes compos\u00e9e de 5 professeurs d\u2019EPS propose des activit\u00e9s vari\u00e9es ; athl\u00e9tisme, course d\u2019orientation, activit\u00e9s artistiques ou acrobatique, sports collectifs, sports de raquette mais aussi tir \u00e0 l\u2019arc, biathlon, cross [&hellip;]<\/p>\n","protected":false},"author":3,"featured_media":14712,"parent":0,"menu_order":0,"comment_status":"closed","ping_status":"closed","template":"","meta":{"site-sidebar-layout":"default","site-content-layout":"default","ast-site-content-layout":"default","site-content-style":"default","site-sidebar-style":"default","ast-global-header-display":"","ast-banner-title-visibility":"","ast-main-header-display":"","ast-hfb-above-header-display":"","ast-hfb-below-header-display":"","ast-hfb-mobile-header-display":"","site-post-title":"","ast-breadcrumbs-content":"","ast-featured-img":"","footer-sml-layout":"","ast-disable-related-posts":"","theme-transparent-header-meta":"default","adv-header-id-meta":"","stick-header-meta":"","header-above-stick-meta":"","header-main-stick-meta":"","header-below-stick-meta":"","astra-migrate-meta-layouts":"set","ast-page-background-enabled":"default","ast-page-background-meta":{"desktop":{"background-color":"var(--ast-global-color-4)","background-image":"","background-repeat":"repeat","background-position":"center center","background-size":"auto","background-attachment":"scroll","background-type":"","background-media":"","overlay-type":"","overlay-color":"","overlay-opacity":"","overlay-gradient":""},"tablet":{"background-color":"","background-image":"","background-repeat":"repeat","background-position":"center center","background-size":"auto","background-attachment":"scroll","background-type":"","background-media":"","overlay-type":"","overlay-color":"","overlay-opacity":"","overlay-gradient":""},"mobile":{"background-color":"","background-image":"","background-repeat":"repeat","background-position":"center center","background-size":"auto","background-attachment":"scroll","background-type":"","background-media":"","overlay-type":"","overlay-color":"","overlay-opacity":"","overlay-gradient":""}},"ast-content-background-meta":{"desktop":{"background-color":"var(--ast-global-color-5)","background-image":"","background-repeat":"repeat","background-position":"center center","background-size":"auto","background-attachment":"scroll","background-type":"","background-media":"","overlay-type":"","overlay-color":"","overlay-opacity":"","overlay-gradient":""},"tablet":{"background-color":"var(--ast-global-color-5)","background-image":"","background-repeat":"repeat","background-position":"center center","background-size":"auto","background-attachment":"scroll","background-type":"","background-media":"","overlay-type":"","overlay-color":"","overlay-opacity":"","overlay-gradient":""},"mobile":{"background-color":"var(--ast-global-color-5)","background-image":"","background-repeat":"repeat","background-position":"center center","background-size":"auto","background-attachment":"scroll","background-type":"","background-media":"","overlay-type":"","overlay-color":"","overlay-opacity":"","overlay-gradient":""}},"footnotes":""},"class_list":["post-14702","page","type-page","status-publish","has-post-thumbnail","hentry"],"yoast_head":"<!-- This site is optimized with the Yoast SEO plugin v27.5 - https:\/\/yoast.com\/product\/yoast-seo-wordpress\/ -->\n<title>Coll\u00e8ge St Jean-Baptiste de La Salle - Le Rancher Teloch\u00e9<\/title>\n<meta name=\"description\" content=\"Le Coll\u00e8ge St Jean-Baptiste de La Salle accueille les \u00e9l\u00e8ves dans un cadre exceptionnel \u00e0 Teloch\u00e9 depuis 1973, et d\u00e9veloppe au quotidien des projets innovants au service des jeunes.\" \/>\n<meta name=\"robots\" content=\"index, follow, max-snippet:-1, max-image-preview:large, max-video-preview:-1\" \/>\n<link rel=\"canonical\" href=\"https:\/\/www.stjb-delasalle.fr\/site\/eps-education-physique-et-sportive\/\" \/>\n<meta property=\"og:locale\" content=\"fr_FR\" \/>\n<meta property=\"og:type\" content=\"article\" \/>\n<meta property=\"og:title\" content=\"Coll\u00e8ge St Jean-Baptiste de La Salle - Le Rancher Teloch\u00e9\" \/>\n<meta property=\"og:description\" content=\"Le Coll\u00e8ge St Jean-Baptiste de La Salle accueille les \u00e9l\u00e8ves dans un cadre exceptionnel \u00e0 Teloch\u00e9 depuis 1973, et d\u00e9veloppe au quotidien des projets innovants au service des jeunes.\" \/>\n<meta property=\"og:url\" content=\"https:\/\/www.stjb-delasalle.fr\/site\/eps-education-physique-et-sportive\/\" \/>\n<meta property=\"og:site_name\" content=\"Coll\u00e8ge Saint Jean Baptiste de La Salle\" \/>\n<meta property=\"article:modified_time\" content=\"2024-01-17T22:46:00+00:00\" \/>\n<meta property=\"og:image\" content=\"https:\/\/www.stjb-delasalle.fr\/site\/wp-content\/uploads\/2024\/01\/1000000306.jpg\" \/>\n\t<meta property=\"og:image:width\" content=\"1920\" \/>\n\t<meta property=\"og:image:height\" content=\"1440\" \/>\n\t<meta property=\"og:image:type\" content=\"image\/jpeg\" \/>\n<meta name=\"twitter:card\" content=\"summary_large_image\" \/>\n<meta name=\"twitter:label1\" content=\"Dur\u00e9e de lecture estim\u00e9e\" \/>\n\t<meta name=\"twitter:data1\" content=\"2 minutes\" \/>\n<script type=\"application\/ld+json\" class=\"yoast-schema-graph\">{\"@context\":\"https:\\\/\\\/schema.org\",\"@graph\":[{\"@type\":\"WebPage\",\"@id\":\"https:\\\/\\\/www.stjb-delasalle.fr\\\/site\\\/eps-education-physique-et-sportive\\\/\",\"url\":\"https:\\\/\\\/www.stjb-delasalle.fr\\\/site\\\/eps-education-physique-et-sportive\\\/\",\"name\":\"Coll\u00e8ge St Jean-Baptiste de La Salle - Le Rancher Teloch\u00e9\",\"isPartOf\":{\"@id\":\"https:\\\/\\\/www.stjb-delasalle.fr\\\/site\\\/#website\"},\"primaryImageOfPage\":{\"@id\":\"https:\\\/\\\/www.stjb-delasalle.fr\\\/site\\\/eps-education-physique-et-sportive\\\/#primaryimage\"},\"image\":{\"@id\":\"https:\\\/\\\/www.stjb-delasalle.fr\\\/site\\\/eps-education-physique-et-sportive\\\/#primaryimage\"},\"thumbnailUrl\":\"https:\\\/\\\/www.stjb-delasalle.fr\\\/site\\\/wp-content\\\/uploads\\\/2024\\\/01\\\/1000000306.jpg\",\"datePublished\":\"2024-01-17T22:42:57+00:00\",\"dateModified\":\"2024-01-17T22:46:00+00:00\",\"description\":\"Le Coll\u00e8ge St Jean-Baptiste de La Salle accueille les \u00e9l\u00e8ves dans un cadre exceptionnel \u00e0 Teloch\u00e9 depuis 1973, et d\u00e9veloppe au quotidien des projets innovants au service des jeunes.\",\"breadcrumb\":{\"@id\":\"https:\\\/\\\/www.stjb-delasalle.fr\\\/site\\\/eps-education-physique-et-sportive\\\/#breadcrumb\"},\"inLanguage\":\"fr-FR\",\"potentialAction\":[{\"@type\":\"ReadAction\",\"target\":[\"https:\\\/\\\/www.stjb-delasalle.fr\\\/site\\\/eps-education-physique-et-sportive\\\/\"]}]},{\"@type\":\"ImageObject\",\"inLanguage\":\"fr-FR\",\"@id\":\"https:\\\/\\\/www.stjb-delasalle.fr\\\/site\\\/eps-education-physique-et-sportive\\\/#primaryimage\",\"url\":\"https:\\\/\\\/www.stjb-delasalle.fr\\\/site\\\/wp-content\\\/uploads\\\/2024\\\/01\\\/1000000306.jpg\",\"contentUrl\":\"https:\\\/\\\/www.stjb-delasalle.fr\\\/site\\\/wp-content\\\/uploads\\\/2024\\\/01\\\/1000000306.jpg\",\"width\":1920,\"height\":1440,\"caption\":\"EPS coll\u00e8ge teloch\u00e9\"},{\"@type\":\"BreadcrumbList\",\"@id\":\"https:\\\/\\\/www.stjb-delasalle.fr\\\/site\\\/eps-education-physique-et-sportive\\\/#breadcrumb\",\"itemListElement\":[{\"@type\":\"ListItem\",\"position\":1,\"name\":\"Accueil\",\"item\":\"https:\\\/\\\/www.stjb-delasalle.fr\\\/site\\\/\"},{\"@type\":\"ListItem\",\"position\":2,\"name\":\"EPS : Education Physique et Sportive\"}]},{\"@type\":\"WebSite\",\"@id\":\"https:\\\/\\\/www.stjb-delasalle.fr\\\/site\\\/#website\",\"url\":\"https:\\\/\\\/www.stjb-delasalle.fr\\\/site\\\/\",\"name\":\"Coll\u00e8ge Saint Jean Baptiste de La Salle\",\"description\":\"Notre coll\u00e8ge vous accueille sur le site du Rancher \u00e0 Teloch\u00e9\",\"publisher\":{\"@id\":\"https:\\\/\\\/www.stjb-delasalle.fr\\\/site\\\/#organization\"},\"potentialAction\":[{\"@type\":\"SearchAction\",\"target\":{\"@type\":\"EntryPoint\",\"urlTemplate\":\"https:\\\/\\\/www.stjb-delasalle.fr\\\/site\\\/?s={search_term_string}\"},\"query-input\":{\"@type\":\"PropertyValueSpecification\",\"valueRequired\":true,\"valueName\":\"search_term_string\"}}],\"inLanguage\":\"fr-FR\"},{\"@type\":\"Organization\",\"@id\":\"https:\\\/\\\/www.stjb-delasalle.fr\\\/site\\\/#organization\",\"name\":\"Coll\u00e8ge Saint Jean Baptiste de La Salle\",\"url\":\"https:\\\/\\\/www.stjb-delasalle.fr\\\/site\\\/\",\"logo\":{\"@type\":\"ImageObject\",\"inLanguage\":\"fr-FR\",\"@id\":\"https:\\\/\\\/www.stjb-delasalle.fr\\\/site\\\/#\\\/schema\\\/logo\\\/image\\\/\",\"url\":\"https:\\\/\\\/www.stjb-delasalle.fr\\\/site\\\/wp-content\\\/uploads\\\/2021\\\/11\\\/logostjb_petit_transp.png\",\"contentUrl\":\"https:\\\/\\\/www.stjb-delasalle.fr\\\/site\\\/wp-content\\\/uploads\\\/2021\\\/11\\\/logostjb_petit_transp.png\",\"width\":180,\"height\":127,\"caption\":\"Coll\u00e8ge Saint Jean Baptiste de La Salle\"},\"image\":{\"@id\":\"https:\\\/\\\/www.stjb-delasalle.fr\\\/site\\\/#\\\/schema\\\/logo\\\/image\\\/\"}}]}<\/script>\n<!-- \/ Yoast SEO plugin. -->","yoast_head_json":{"title":"Coll\u00e8ge St Jean-Baptiste de La Salle - Le Rancher Teloch\u00e9","description":"Le Coll\u00e8ge St Jean-Baptiste de La Salle accueille les \u00e9l\u00e8ves dans un cadre exceptionnel \u00e0 Teloch\u00e9 depuis 1973, et d\u00e9veloppe au quotidien des projets innovants au service des jeunes.","robots":{"index":"index","follow":"follow","max-snippet":"max-snippet:-1","max-image-preview":"max-image-preview:large","max-video-preview":"max-video-preview:-1"},"canonical":"https:\/\/www.stjb-delasalle.fr\/site\/eps-education-physique-et-sportive\/","og_locale":"fr_FR","og_type":"article","og_title":"Coll\u00e8ge St Jean-Baptiste de La Salle - Le Rancher Teloch\u00e9","og_description":"Le Coll\u00e8ge St Jean-Baptiste de La Salle accueille les \u00e9l\u00e8ves dans un cadre exceptionnel \u00e0 Teloch\u00e9 depuis 1973, et d\u00e9veloppe au quotidien des projets innovants au service des jeunes.","og_url":"https:\/\/www.stjb-delasalle.fr\/site\/eps-education-physique-et-sportive\/","og_site_name":"Coll\u00e8ge Saint Jean Baptiste de La Salle","article_modified_time":"2024-01-17T22:46:00+00:00","og_image":[{"width":1920,"height":1440,"url":"https:\/\/www.stjb-delasalle.fr\/site\/wp-content\/uploads\/2024\/01\/1000000306.jpg","type":"image\/jpeg"}],"twitter_card":"summary_large_image","twitter_misc":{"Dur\u00e9e de lecture estim\u00e9e":"2 minutes"},"schema":{"@context":"https:\/\/schema.org","@graph":[{"@type":"WebPage","@id":"https:\/\/www.stjb-delasalle.fr\/site\/eps-education-physique-et-sportive\/","url":"https:\/\/www.stjb-delasalle.fr\/site\/eps-education-physique-et-sportive\/","name":"Coll\u00e8ge St Jean-Baptiste de La Salle - Le Rancher Teloch\u00e9","isPartOf":{"@id":"https:\/\/www.stjb-delasalle.fr\/site\/#website"},"primaryImageOfPage":{"@id":"https:\/\/www.stjb-delasalle.fr\/site\/eps-education-physique-et-sportive\/#primaryimage"},"image":{"@id":"https:\/\/www.stjb-delasalle.fr\/site\/eps-education-physique-et-sportive\/#primaryimage"},"thumbnailUrl":"https:\/\/www.stjb-delasalle.fr\/site\/wp-content\/uploads\/2024\/01\/1000000306.jpg","datePublished":"2024-01-17T22:42:57+00:00","dateModified":"2024-01-17T22:46:00+00:00","description":"Le Coll\u00e8ge St Jean-Baptiste de La Salle accueille les \u00e9l\u00e8ves dans un cadre exceptionnel \u00e0 Teloch\u00e9 depuis 1973, et d\u00e9veloppe au quotidien des projets innovants au service des jeunes.","breadcrumb":{"@id":"https:\/\/www.stjb-delasalle.fr\/site\/eps-education-physique-et-sportive\/#breadcrumb"},"inLanguage":"fr-FR","potentialAction":[{"@type":"ReadAction","target":["https:\/\/www.stjb-delasalle.fr\/site\/eps-education-physique-et-sportive\/"]}]},{"@type":"ImageObject","inLanguage":"fr-FR","@id":"https:\/\/www.stjb-delasalle.fr\/site\/eps-education-physique-et-sportive\/#primaryimage","url":"https:\/\/www.stjb-delasalle.fr\/site\/wp-content\/uploads\/2024\/01\/1000000306.jpg","contentUrl":"https:\/\/www.stjb-delasalle.fr\/site\/wp-content\/uploads\/2024\/01\/1000000306.jpg","width":1920,"height":1440,"caption":"EPS coll\u00e8ge teloch\u00e9"},{"@type":"BreadcrumbList","@id":"https:\/\/www.stjb-delasalle.fr\/site\/eps-education-physique-et-sportive\/#breadcrumb","itemListElement":[{"@type":"ListItem","position":1,"name":"Accueil","item":"https:\/\/www.stjb-delasalle.fr\/site\/"},{"@type":"ListItem","position":2,"name":"EPS : Education Physique et Sportive"}]},{"@type":"WebSite","@id":"https:\/\/www.stjb-delasalle.fr\/site\/#website","url":"https:\/\/www.stjb-delasalle.fr\/site\/","name":"Coll\u00e8ge Saint Jean Baptiste de La Salle","description":"Notre coll\u00e8ge vous accueille sur le site du Rancher \u00e0 Teloch\u00e9","publisher":{"@id":"https:\/\/www.stjb-delasalle.fr\/site\/#organization"},"potentialAction":[{"@type":"SearchAction","target":{"@type":"EntryPoint","urlTemplate":"https:\/\/www.stjb-delasalle.fr\/site\/?s={search_term_string}"},"query-input":{"@type":"PropertyValueSpecification","valueRequired":true,"valueName":"search_term_string"}}],"inLanguage":"fr-FR"},{"@type":"Organization","@id":"https:\/\/www.stjb-delasalle.fr\/site\/#organization","name":"Coll\u00e8ge Saint Jean Baptiste de La Salle","url":"https:\/\/www.stjb-delasalle.fr\/site\/","logo":{"@type":"ImageObject","inLanguage":"fr-FR","@id":"https:\/\/www.stjb-delasalle.fr\/site\/#\/schema\/logo\/image\/","url":"https:\/\/www.stjb-delasalle.fr\/site\/wp-content\/uploads\/2021\/11\/logostjb_petit_transp.png","contentUrl":"https:\/\/www.stjb-delasalle.fr\/site\/wp-content\/uploads\/2021\/11\/logostjb_petit_transp.png","width":180,"height":127,"caption":"Coll\u00e8ge Saint Jean Baptiste de La Salle"},"image":{"@id":"https:\/\/www.stjb-delasalle.fr\/site\/#\/schema\/logo\/image\/"}}]}},"_links":{"self":[{"href":"https:\/\/www.stjb-delasalle.fr\/site\/wp-json\/wp\/v2\/pages\/14702","targetHints":{"allow":["GET"]}}],"collection":[{"href":"https:\/\/www.stjb-delasalle.fr\/site\/wp-json\/wp\/v2\/pages"}],"about":[{"href":"https:\/\/www.stjb-delasalle.fr\/site\/wp-json\/wp\/v2\/types\/page"}],"author":[{"embeddable":true,"href":"https:\/\/www.stjb-delasalle.fr\/site\/wp-json\/wp\/v2\/users\/3"}],"replies":[{"embeddable":true,"href":"https:\/\/www.stjb-delasalle.fr\/site\/wp-json\/wp\/v2\/comments?post=14702"}],"version-history":[{"count":1,"href":"https:\/\/www.stjb-delasalle.fr\/site\/wp-json\/wp\/v2\/pages\/14702\/revisions"}],"predecessor-version":[{"id":14714,"href":"https:\/\/www.stjb-delasalle.fr\/site\/wp-json\/wp\/v2\/pages\/14702\/revisions\/14714"}],"wp:featuredmedia":[{"embeddable":true,"href":"https:\/\/www.stjb-delasalle.fr\/site\/wp-json\/wp\/v2\/media\/14712"}],"wp:attachment":[{"href":"https:\/\/www.stjb-delasalle.fr\/site\/wp-json\/wp\/v2\/media?parent=14702"}],"curies":[{"name":"wp","href":"https:\/\/api.w.org\/{rel}","templated":true}]}}